{"id":225,"date":"2024-04-08T08:42:46","date_gmt":"2024-04-08T08:42:46","guid":{"rendered":"https:\/\/dev.pcsscotland.co.uk\/?page_id=225"},"modified":"2024-07-09T10:49:37","modified_gmt":"2024-07-09T10:49:37","slug":"contact","status":"publish","type":"page","link":"https:\/\/pcsscotland.co.uk\/index.php\/contact\/","title":{"rendered":"Contact"},"content":{"rendered":"<p>[et_pb_section fb_built=&#8221;1&#8243; _builder_version=&#8221;4.24.3&#8243; _module_preset=&#8221;default&#8221; custom_padding=&#8221;0px||0px|||&#8221; link_option_url=&#8221;https:\/\/dev.pcsscotland.co.uk\/&#8221; global_colors_info=&#8221;{}&#8221;][et_pb_row _builder_version=&#8221;4.24.3&#8243; _module_preset=&#8221;default&#8221; custom_padding=&#8221;6px||7px|||&#8221; global_colors_info=&#8221;{}&#8221;][et_pb_column type=&#8221;4_4&#8243; _builder_version=&#8221;4.24.3&#8243; _module_preset=&#8221;default&#8221; global_colors_info=&#8221;{}&#8221;][et_pb_image src=&#8221;https:\/\/pcsscotland.co.uk\/wp-content\/uploads\/2024\/04\/topnew2.jpg&#8221; alt=&#8221;Pressure Control Systems UK and Africa&#8221; title_text=&#8221;topnew2&#8243; _builder_version=&#8221;4.24.3&#8243; _module_preset=&#8221;default&#8221; custom_padding=&#8221;13px|||||&#8221; global_colors_info=&#8221;{}&#8221;][\/et_pb_image][\/et_pb_column][\/et_pb_row][\/et_pb_section][et_pb_section fb_built=&#8221;1&#8243; _builder_version=&#8221;4.24.3&#8243; _module_preset=&#8221;default&#8221; custom_padding=&#8221;30px||19px|||&#8221; global_colors_info=&#8221;{}&#8221;][et_pb_row column_structure=&#8221;1_2,1_2&#8243; _builder_version=&#8221;4.24.3&#8243; _module_preset=&#8221;default&#8221; global_colors_info=&#8221;{}&#8221;][et_pb_column type=&#8221;1_2&#8243; _builder_version=&#8221;4.24.3&#8243; _module_preset=&#8221;default&#8221; global_colors_info=&#8221;{}&#8221;][et_pb_text _builder_version=&#8221;4.24.3&#8243; _module_preset=&#8221;default&#8221; text_font_size=&#8221;16px&#8221; global_colors_info=&#8221;{}&#8221;]<\/p>\n<p style=\"text-align: center;\"><strong>PCS (UK) LOCATION:<\/strong><\/p>\n<p style=\"text-align: center;\"><strong>Pressure Control Systems Ltd<\/strong><\/p>\n<p style=\"text-align: center;\">Unit 2, Kirkhill Place<\/p>\n<p style=\"text-align: center;\">Dyce, Aberdeen, AB21 0GU<\/p>\n<p style=\"text-align: center;\">Tel: (0)1224 773388<\/p>\n<p style=\"text-align: center;\">Sales Email: <a href=\"mailto:sales@pcsscotland.co.uk?subject=Query%20from%20PCS%20website\">sales@pcsscotland.co.uk<\/a><\/p>\n<p>[\/et_pb_text][\/et_pb_column][et_pb_column type=&#8221;1_2&#8243; _builder_version=&#8221;4.24.3&#8243; _module_preset=&#8221;default&#8221; global_colors_info=&#8221;{}&#8221;][et_pb_text _builder_version=&#8221;4.24.3&#8243; _module_preset=&#8221;default&#8221; text_font_size=&#8221;16px&#8221; global_colors_info=&#8221;{}&#8221;]<\/p>\n<p style=\"text-align: center;\"><strong>PCS (West Africa) LOCATION:<\/strong><\/p>\n<p style=\"text-align: center;\"><strong>Pressure Control Systems Africa<\/strong><\/p>\n<p style=\"text-align: center;\">Km 16 Route Route de Rufisque ,37 Cit\u00e8 Institut Pasteur<\/p>\n<p style=\"text-align: center;\">Dakar, S\u00e9n\u00e9gal<\/p>\n<p style=\"text-align: center;\">Tel: 00221775556654<\/p>\n<p style=\"text-align: center;\">Sales Email: <a href=\"mailto:info@pcsafrica.co.uk?subject=Query%20from%20PCS%20website\">info@pcsafrica.co.uk<\/a><\/p>\n<p>[\/et_pb_text][\/et_pb_column][\/et_pb_row][\/et_pb_section][et_pb_section fb_built=&#8221;1&#8243; _builder_version=&#8221;4.24.3&#8243; _module_preset=&#8221;default&#8221; custom_padding=&#8221;0px||4px|||&#8221; global_colors_info=&#8221;{}&#8221;][et_pb_row _builder_version=&#8221;4.24.3&#8243; _module_preset=&#8221;default&#8221; custom_padding=&#8221;||16px|||&#8221; global_colors_info=&#8221;{}&#8221;][et_pb_column type=&#8221;4_4&#8243; _builder_version=&#8221;4.24.3&#8243; _module_preset=&#8221;default&#8221; global_colors_info=&#8221;{}&#8221;][et_pb_divider _builder_version=&#8221;4.24.3&#8243; _module_preset=&#8221;default&#8221; global_colors_info=&#8221;{}&#8221;][\/et_pb_divider][\/et_pb_column][\/et_pb_row][\/et_pb_section][et_pb_section fb_built=&#8221;1&#8243; _builder_version=&#8221;4.24.3&#8243; _module_preset=&#8221;default&#8221; custom_padding=&#8221;1px|||||&#8221; global_colors_info=&#8221;{}&#8221;][et_pb_row _builder_version=&#8221;4.24.3&#8243; _module_preset=&#8221;default&#8221; global_colors_info=&#8221;{}&#8221;][et_pb_column type=&#8221;4_4&#8243; _builder_version=&#8221;4.24.3&#8243; _module_preset=&#8221;default&#8221; global_colors_info=&#8221;{}&#8221;][et_pb_text _builder_version=&#8221;4.26.0&#8243; _module_preset=&#8221;default&#8221; text_font_size=&#8221;16px&#8221; hover_enabled=&#8221;0&#8243; global_colors_info=&#8221;{}&#8221; sticky_enabled=&#8221;0&#8243;]<\/p>\n<p style=\"text-align: center;\"><strong>PRESSURE CONTROL SYSTEMS STAFF<\/strong><\/p>\n<p>&nbsp;<\/p>\n<p style=\"text-align: center;\"><strong>Director<\/strong>: Bryan Mowat<\/p>\n<p style=\"text-align: center;\">T: (0)1224 539992 \/ E: <a href=\"mailto:bryan@pcsscotland.co.uk?subject=Query%20from%20PCS%20website\">bryan@pcsscotland.co.uk<\/a><\/p>\n<p style=\"text-align: center;\"><strong>Director (PCS Africa)<\/strong>: Khassimiou Diallo<\/p>\n<p style=\"text-align: center;\">T: (0)1224 539993 \/ E: <a href=\"mailto:khassimiou@pcsafrica.co.uk?subject=Query%20from%20PCS%20website\">khassimiou@pcsafrica.co.uk<\/a><\/p>\n<p style=\"text-align: center;\"><strong>Sales Manager<\/strong>: Neil Carnie<\/p>\n<p style=\"text-align: center;\">T: (0)1224 539994 \/ E: <a href=\"mailto:neil@pcsscotland.co.uk?subject=Query%20from%20PCS%20website\">neil@pcsscotland.co.uk<\/a><\/p>\n<p style=\"text-align: center;\"><strong>Sales<\/strong>: Ellie Mowat<\/p>\n<p style=\"text-align: center;\">T: (0)1224 539995 \/ E: <a href=\"mailto:ellie@pcsscotland.co.uk?subject=Query%20from%20PCS%20website\">ellie@pcsscotland.co.uk<\/a><\/p>\n<p style=\"text-align: center;\"><strong>Technical Manager \/ Valve Technician:<\/strong> Josh Young<\/p>\n<p style=\"text-align: center;\">T: (0)1224 539997 \/ E: <a href=\"mailto:josh@pcsscotland.co.uk?subject=Query%20from%20PCS%20website\">josh@pcsscotland.co.uk<\/a><\/p>\n<p style=\"text-align: center;\"><strong>Accountant<\/strong>: Charlie Skene<\/p>\n<p style=\"text-align: center;\">T: (0)1224 539991 \/ E: <a href=\"mailto:charlie@pcsscotland.co.uk?subject=Query%20from%20PCS%20website\">charlie@pcsscotland.co.uk<\/a><\/p>\n<p>[\/et_pb_text][\/et_pb_column][\/et_pb_row][\/et_pb_section]<\/p>\n","protected":false},"excerpt":{"rendered":"<p>PCS (UK) LOCATION: Pressure Control Systems Ltd Unit 2, Kirkhill Place Dyce, Aberdeen, AB21 0GU Tel: (0)1224 773388 Sales Email: sales@pcsscotland.co.ukPCS (West Africa) LOCATION: Pressure Control Systems Africa Km 16 Route Route de Rufisque ,37 Cit\u00e8 Institut Pasteur Dakar, S\u00e9n\u00e9gal Tel: 00221775556654 Sales Email: info@pcsafrica.co.ukPRESSURE CONTROL SYSTEMS STAFF &nbsp; Director: Bryan Mowat T: (0)1224 539992 [&hellip;]<\/p>\n","protected":false},"author":1,"featured_media":0,"parent":0,"menu_order":0,"comment_status":"closed","ping_status":"closed","template":"","meta":{"_et_pb_use_builder":"on","_et_pb_old_content":"","_et_gb_content_width":"","footnotes":""},"class_list":["post-225","page","type-page","status-publish","hentry"],"_links":{"self":[{"href":"https:\/\/pcsscotland.co.uk\/index.php\/wp-json\/wp\/v2\/pages\/225","targetHints":{"allow":["GET"]}}],"collection":[{"href":"https:\/\/pcsscotland.co.uk\/index.php\/wp-json\/wp\/v2\/pages"}],"about":[{"href":"https:\/\/pcsscotland.co.uk\/index.php\/wp-json\/wp\/v2\/types\/page"}],"author":[{"embeddable":true,"href":"https:\/\/pcsscotland.co.uk\/index.php\/wp-json\/wp\/v2\/users\/1"}],"replies":[{"embeddable":true,"href":"https:\/\/pcsscotland.co.uk\/index.php\/wp-json\/wp\/v2\/comments?post=225"}],"version-history":[{"count":16,"href":"https:\/\/pcsscotland.co.uk\/index.php\/wp-json\/wp\/v2\/pages\/225\/revisions"}],"predecessor-version":[{"id":302,"href":"https:\/\/pcsscotland.co.uk\/index.php\/wp-json\/wp\/v2\/pages\/225\/revisions\/302"}],"wp:attachment":[{"href":"https:\/\/pcsscotland.co.uk\/index.php\/wp-json\/wp\/v2\/media?parent=225"}],"curies":[{"name":"wp","href":"https:\/\/api.w.org\/{rel}","templated":true}]}}